{"id":5025,"date":"2022-10-04T09:30:40","date_gmt":"2022-10-04T07:30:40","guid":{"rendered":"https:\/\/www.portier-asianart.com\/v2\/the-team\/"},"modified":"2022-11-14T14:31:04","modified_gmt":"2022-11-14T13:31:04","slug":"the-team","status":"publish","type":"page","link":"https:\/\/www.portier-asianart.com\/en\/the-team\/","title":{"rendered":"The team"},"content":{"rendered":"\n<div class=\"wp-block-group is-layout-flow wp-block-group-is-layout-flow\">\n<div class=\"wp-block-stackable-columns stk-block-columns stk-block stk-e847f1b\" data-block-id=\"e847f1b\"><style>@media screen and (max-width:767px){.stk-e847f1b-column{--stk-col-order-1:1 !important;--stk-col-order-2:3 !important;--stk-col-order-3:2 !important;--stk-col-order-4:4 !important}}<\/style><div class=\"stk-row stk-inner-blocks stk-block-content stk-content-align stk-e847f1b-column stk--has-column-order\">\n<div class=\"wp-block-stackable-column stk-block-column stk-block-column--v2 stk-column stk--hide-tablet stk--hide-mobile stk-block stk-7f2882a\" data-block-id=\"7f2882a\"><style>@media screen and (min-width:768px){.stk-7f2882a{flex:1 1 calc(7% - var(--stk-column-gap,0px) * 3 \/ 4 ) !important}}@media screen and (min-width:768px) and (max-width:1023px){.stk-7f2882a{flex:0 1 calc(100% - var(--stk-column-gap,0px) * 0 \/ 1 ) !important}}<\/style><div class=\"stk-column-wrapper stk-block-column__content stk-container stk-7f2882a-container stk--no-background stk--no-padding\"><div class=\"stk-block-content stk-inner-blocks stk-7f2882a-inner-blocks\"><\/div><\/div><\/div>\n\n\n\n<div class=\"wp-block-stackable-column stk-block-column stk-block-column--v2 stk-column stk-block stk-fabe0d1\" data-block-id=\"fabe0d1\"><style>@media screen and (min-width:768px){.stk-fabe0d1{flex:1 1 calc(43% - var(--stk-column-gap,0px) * 3 \/ 4 ) !important}}@media screen and (min-width:768px) and (max-width:1023px){.stk-fabe0d1{flex:0 1 calc(100% - var(--stk-column-gap,0px) * 0 \/ 1 ) !important}}<\/style><div class=\"stk-column-wrapper stk-block-column__content stk-container stk-fabe0d1-container stk--no-background stk--no-padding\"><div class=\"stk-block-content stk-inner-blocks stk-fabe0d1-inner-blocks\">\n<p><strong>Specialized in Asian Art<\/strong>, our office is one of the oldest appraisal offices in France with a <strong>young, dynamic and feminine team<\/strong>. We work in partnership with many auction houses or institutions in France and Europe. Our archives kept since 1909 and our expertise allow us to follow the evolution <strong>of the market<\/strong> as closely as possible and <strong>to advise you<\/strong> in the best possible way during the process of your purchase:<\/p>\n\n\n\n<ul class=\"wp-block-list\">\n<li>Auction sales<\/li>\n\n\n\n<li>Private sales<\/li>\n\n\n\n<li>Valuation for heritage or donation<\/li>\n\n\n\n<li>Private or judicial expertise<\/li>\n\n\n\n<li>Insurance Company Missions<\/li>\n<\/ul>\n\n\n\n<p><em>Member of the Association Franco-Japonaise (AFJ)<br>Member of the International Netsuke Society (INS)<br>Member of the Soci\u00e9t\u00e9 Fran\u00e7aise d\u2019Etude de la C\u00e9ramique Orientale (SFECO)<br>Member of the International Chinese Snuffbottle Society (ICBS)<\/em><\/p>\n<\/div><\/div><\/div>\n\n\n\n<div class=\"wp-block-stackable-column stk-block-column stk-block-column--v2 stk-column stk-block stk-d312e0b\" data-block-id=\"d312e0b\"><style>@media screen and (min-width:768px){.stk-d312e0b{flex:1 1 calc(43% - var(--stk-column-gap,0px) * 3 \/ 4 ) !important}}@media screen and (min-width:768px) and (max-width:1023px){.stk-d312e0b{flex:0 1 calc(100% - var(--stk-column-gap,0px) * 0 \/ 1 ) !important}}<\/style><div class=\"stk-column-wrapper stk-block-column__content stk-container stk-d312e0b-container stk--no-background stk--no-padding\"><div class=\"stk-block-content stk-inner-blocks stk-d312e0b-inner-blocks\">\n<figure class=\"wp-block-image size-large\"><img loading=\"lazy\" decoding=\"async\" width=\"1024\" height=\"659\" src=\"https:\/\/www.portier-asianart.com\/v2\/wp-content\/uploads\/2022\/10\/equipe-1024x659.jpg\" alt=\"\" class=\"wp-image-5865\" srcset=\"https:\/\/www.portier-asianart.com\/v2\/wp-content\/uploads\/2022\/10\/equipe-1024x659.jpg 1024w, https:\/\/www.portier-asianart.com\/v2\/wp-content\/uploads\/2022\/10\/equipe-600x386.jpg 600w, https:\/\/www.portier-asianart.com\/v2\/wp-content\/uploads\/2022\/10\/equipe-300x193.jpg 300w, https:\/\/www.portier-asianart.com\/v2\/wp-content\/uploads\/2022\/10\/equipe-768x494.jpg 768w, https:\/\/www.portier-asianart.com\/v2\/wp-content\/uploads\/2022\/10\/equipe.jpg 1500w\" sizes=\"auto, (max-width: 1024px) 100vw, 1024px\" \/><\/figure>\n<\/div><\/div><\/div>\n\n\n\n<div class=\"wp-block-stackable-column stk-block-column stk-block-column--v2 stk-column stk--hide-tablet stk--hide-mobile stk-block stk-88a62a1\" data-block-id=\"88a62a1\"><style>@media screen and (min-width:768px){.stk-88a62a1{flex:1 1 calc(7% - var(--stk-column-gap,0px) * 3 \/ 4 ) !important}}@media screen and (min-width:768px) and (max-width:1023px){.stk-88a62a1{flex:0 1 calc(100% - var(--stk-column-gap,0px) * 0 \/ 1 ) !important}}<\/style><div class=\"stk-column-wrapper stk-block-column__content stk-container stk-88a62a1-container stk--no-background stk--no-padding\"><div class=\"stk-block-content stk-inner-blocks stk-88a62a1-inner-blocks\"><\/div><\/div><\/div>\n<\/div><\/div>\n<\/div>\n\n\n\n<div class=\"wp-block-stackable-spacer stk-block-spacer stk--no-padding stk-block stk-2bf57e6\" data-block-id=\"2bf57e6\"><\/div>\n\n\n\n<div class=\"wp-block-stackable-columns stk-block-columns stk-block stk-3bcd056\" data-block-id=\"3bcd056\"><div class=\"stk-row stk-inner-blocks stk-block-content stk-content-align stk-3bcd056-column\">\n<div class=\"wp-block-stackable-column stk-block-column stk-block-column--v2 stk-column stk-block stk-04d27d1\" data-block-id=\"04d27d1\"><style>@media screen and (min-width:768px){.stk-04d27d1{flex:1 1 calc(7% - var(--stk-column-gap,0px) * 3 \/ 4 ) !important}}<\/style><div class=\"stk-column-wrapper stk-block-column__content stk-container stk-04d27d1-container stk--no-background stk--no-padding\"><div class=\"stk-block-content stk-inner-blocks stk-04d27d1-inner-blocks\"><\/div><\/div><\/div>\n\n\n\n<div class=\"wp-block-stackable-column stk-block-column stk-block-column--v2 stk-column stk-block stk-03d4ba4\" data-block-id=\"03d4ba4\"><style>@media screen and (min-width:768px){.stk-03d4ba4{flex:1 1 calc(43% - var(--stk-column-gap,0px) * 3 \/ 4 ) !important}}<\/style><div class=\"stk-column-wrapper stk-block-column__content stk-container stk-03d4ba4-container stk--no-background stk--no-padding\"><div class=\"stk-block-content stk-inner-blocks stk-03d4ba4-inner-blocks\">\n<div class=\"wp-block-stackable-heading stk-block-heading stk-block stk-2ba201f\" id=\"strong-le-cabinet-portier-en-chiffres-strong\" data-block-id=\"2ba201f\"><h2 class=\"stk-block-heading__text\"><strong>A few numbers to remember<\/strong><\/h2><\/div>\n\n\n\n<div class=\"wp-block-stackable-count-up stk-block-count-up stk-block stk-7a1ca98\" data-block-id=\"7a1ca98\"><style>.stk-7a1ca98 .stk-block-count-up__text{font-size:36px !important}@media screen and (max-width:1023px){.stk-7a1ca98 .stk-block-count-up__text{font-size:36px !important}}<\/style><div class=\"stk-block-count-up__text\">113 years of experience<\/div><\/div>\n\n\n\n<div class=\"wp-block-stackable-count-up stk-block-count-up stk-block stk-c1bf87b\" data-block-id=\"c1bf87b\"><style>.stk-c1bf87b .stk-block-count-up__text{font-size:36px !important}@media screen and (max-width:1023px){.stk-c1bf87b .stk-block-count-up__text{font-size:36px !important}}<\/style><div class=\"stk-block-count-up__text\">3000 books<\/div><\/div>\n\n\n\n<div class=\"wp-block-stackable-count-up stk-block-count-up stk-block stk-3b65f36\" data-block-id=\"3b65f36\"><style>.stk-3b65f36 .stk-block-count-up__text{font-size:36px !important}@media screen and (max-width:1023px){.stk-3b65f36 .stk-block-count-up__text{font-size:36px !important}}<\/style><div class=\"stk-block-count-up__text\" data-duration=\"500\">1 senior specialist<\/div><\/div>\n\n\n\n<div class=\"wp-block-stackable-count-up stk-block-count-up stk-block stk-59df101\" data-block-id=\"59df101\"><style>.stk-59df101 .stk-block-count-up__text{font-size:36px !important}@media screen and (max-width:1023px){.stk-59df101 .stk-block-count-up__text{font-size:36px !important}}<\/style><div class=\"stk-block-count-up__text\" data-duration=\"500\">3 junior specialists<\/div><\/div>\n<\/div><\/div><\/div>\n\n\n\n<div class=\"wp-block-stackable-column stk-block-column stk-block-column--v2 stk-column stk-block stk-59225bb\" data-block-id=\"59225bb\"><style>@media screen and (min-width:768px){.stk-59225bb{flex:1 1 calc(43% - var(--stk-column-gap,0px) * 3 \/ 4 ) !important}}.stk-59225bb-container{background-color:var(--theme-palette-color-8,#DEE7F1) !important}.stk-59225bb-container:before{background-color:var(--theme-palette-color-8,#DEE7F1) !important}<\/style><div class=\"stk-column-wrapper stk-block-column__content stk-container stk-59225bb-container\"><div class=\"stk-block-content stk-inner-blocks stk-59225bb-inner-blocks\">\n<div class=\"wp-block-group is-layout-flow wp-block-group-is-layout-flow\">\n<div class=\"wp-block-stackable-heading stk-block-heading stk-block stk-9522eb7\" id=\"en-2020\" data-block-id=\"9522eb7\"><h2 class=\"stk-block-heading__text\">In 2020<\/h2><\/div>\n\n\n\n<div class=\"wp-block-stackable-count-up stk-block-count-up stk-block stk-6f08775\" data-block-id=\"6f08775\"><style>.stk-6f08775 .stk-block-count-up__text{font-size:36px !important;color:var(--theme-palette-color-1,#1752A0) !important}@media screen and (max-width:1023px){.stk-6f08775 .stk-block-count-up__text{font-size:36px !important}}<\/style><div class=\"stk-block-count-up__text has-text-color\">more than 5000 objects appraised<\/div><\/div>\n\n\n\n<div class=\"wp-block-stackable-count-up stk-block-count-up stk-block stk-7571086\" data-block-id=\"7571086\"><style>.stk-7571086 .stk-block-count-up__text{font-size:36px !important;color:var(--theme-palette-color-1,#1752A0) !important}@media screen and (max-width:1023px){.stk-7571086 .stk-block-count-up__text{font-size:36px !important}}<\/style><div class=\"stk-block-count-up__text has-text-color\">180 sales<\/div><\/div>\n\n\n\n<div class=\"wp-block-stackable-count-up stk-block-count-up stk-block stk-3047e1e\" data-block-id=\"3047e1e\"><style>.stk-3047e1e .stk-block-count-up__text{font-size:36px !important;color:var(--theme-palette-color-1,#1752A0) !important}@media screen and (max-width:1023px){.stk-3047e1e .stk-block-count-up__text{font-size:36px !important}}<\/style><div class=\"stk-block-count-up__text has-text-color\">more than 22 million \u20ac sold<\/div><\/div>\n<\/div>\n<\/div><\/div><\/div>\n\n\n\n<div class=\"wp-block-stackable-column stk-block-column stk-block-column--v2 stk-column stk-block stk-15c41ea\" data-block-id=\"15c41ea\"><style>@media screen and (min-width:768px){.stk-15c41ea{flex:1 1 calc(7% - var(--stk-column-gap,0px) * 3 \/ 4 ) !important}}<\/style><div class=\"stk-column-wrapper stk-block-column__content stk-container stk-15c41ea-container stk--no-background stk--no-padding\"><div class=\"stk-block-content stk-inner-blocks stk-15c41ea-inner-blocks\"><\/div><\/div><\/div>\n<\/div><\/div>\n\n\n\n<div class=\"wp-block-stackable-spacer stk-block-spacer stk--no-padding stk-block stk-50cb3ac\" data-block-id=\"50cb3ac\"><style>.stk-50cb3ac{height:30px !important}<\/style><\/div>\n","protected":false},"excerpt":{"rendered":"<p>Specialized in Asian Art, our office is one of the oldest appraisal offices in France with a young, dynamic and feminine team. We work in partnership with many auction houses or institutions in France and Europe. Our archives kept since 1909 and our expertise allow us to follow the evolution of the market as closely [&hellip;]<\/p>\n","protected":false},"author":1,"featured_media":0,"parent":0,"menu_order":0,"comment_status":"closed","ping_status":"closed","template":"","meta":{"_acf_changed":false,"footnotes":""},"class_list":["post-5025","page","type-page","status-publish","hentry"],"blocksy_meta":{"styles_descriptor":{"styles":{"desktop":"","tablet":"","mobile":""},"google_fonts":[],"version":6}},"acf":[],"_links":{"self":[{"href":"https:\/\/www.portier-asianart.com\/en\/wp-json\/wp\/v2\/pages\/5025","targetHints":{"allow":["GET"]}}],"collection":[{"href":"https:\/\/www.portier-asianart.com\/en\/wp-json\/wp\/v2\/pages"}],"about":[{"href":"https:\/\/www.portier-asianart.com\/en\/wp-json\/wp\/v2\/types\/page"}],"author":[{"embeddable":true,"href":"https:\/\/www.portier-asianart.com\/en\/wp-json\/wp\/v2\/users\/1"}],"replies":[{"embeddable":true,"href":"https:\/\/www.portier-asianart.com\/en\/wp-json\/wp\/v2\/comments?post=5025"}],"version-history":[{"count":3,"href":"https:\/\/www.portier-asianart.com\/en\/wp-json\/wp\/v2\/pages\/5025\/revisions"}],"predecessor-version":[{"id":7696,"href":"https:\/\/www.portier-asianart.com\/en\/wp-json\/wp\/v2\/pages\/5025\/revisions\/7696"}],"wp:attachment":[{"href":"https:\/\/www.portier-asianart.com\/en\/wp-json\/wp\/v2\/media?parent=5025"}],"curies":[{"name":"wp","href":"https:\/\/api.w.org\/{rel}","templated":true}]}}